{"id":100,"date":"2025-08-30T20:44:09","date_gmt":"2025-08-30T18:44:09","guid":{"rendered":"https:\/\/guigotsu.com\/jalmavev3\/?page_id=100"},"modified":"2025-08-30T20:58:23","modified_gmt":"2025-08-30T18:58:23","slug":"faire-un-don-2","status":"publish","type":"page","link":"http:\/\/jalmalv-estvar.fr\/?page_id=100","title":{"rendered":"Faire un don"},"content":{"rendered":"\n<p><strong>Vous souhaitez soutenir l&rsquo;association JALMALV, vous pouvez le faire par un don ou une adh\u00e9sion.<\/strong><\/p>\n\n\n\n<p><strong>Un justificatif vous sera d\u00e9livr\u00e9 afin de vous faire b\u00e9n\u00e9ficier d\u2019une r\u00e9duction d\u2019imp\u00f4t en cr\u00e9dit d\u2019imp\u00f4t, car JALMALV est \u00ab&nbsp;Reconnue d\u2019utilit\u00e9 publique&nbsp;\u00bb.<\/strong><\/p>\n\n\n\n<p><strong>FAIRE UN DON \u00c0 JALMALV EST-VAR<\/strong><\/p>\n\n\n\n<p><strong>Par ch\u00e8que libell\u00e9 \u00e0 l\u2019ordre de Jalmalv Est-Var<\/strong><\/p>\n\n\n\n<p>Calcul du co\u00fbt r\u00e9el d\u2019un don \u00e0 JALMALV EST-VAR en 2025<\/p>\n\n\n\n<figure class=\"wp-block-table\"><table class=\"has-fixed-layout\"><tbody><tr><td>Un don de<\/td><td>&nbsp;<\/td><td>Vous co\u00fbtera :<\/td><\/tr><tr><td>50 \u20ac100 \u20ac150 \u20ac<\/td><td>Tenant compte de 66% de r\u00e9duction d&rsquo;imp\u00f4t en cr\u00e9dit d&rsquo;imp\u00f4t&nbsp;<\/td><td>17,00 \u20ac34,00 \u20ac51,00 \u20ac<\/td><\/tr><\/tbody><\/table><\/figure>\n","protected":false},"excerpt":{"rendered":"<p>Vous souhaitez soutenir l&rsquo;association JALMALV, vous pouvez le faire par un don ou une adh\u00e9sion. Un justificatif vous sera d\u00e9livr\u00e9 afin de vous faire b\u00e9n\u00e9ficier d\u2019une r\u00e9duction d\u2019imp\u00f4t en cr\u00e9dit d\u2019imp\u00f4t, car JALMALV est \u00ab&nbsp;Reconnue d\u2019utilit\u00e9 publique&nbsp;\u00bb. FAIRE UN DON \u00c0 JALMALV EST-VAR Par ch\u00e8que libell\u00e9 \u00e0 l\u2019ordre de Jalmalv Est-Var Calcul du co\u00fbt r\u00e9el d\u2019un don \u00e0 JALMALV EST-VAR en 2025 Un don de &nbsp; Vous co\u00fbtera : 50 \u20ac100 \u20ac150 \u20ac Tenant compte de 66% de r\u00e9duction d&rsquo;imp\u00f4t&#8230;<\/p>\n<p class=\"read-more\"><a class=\"btn btn-default\" href=\"http:\/\/jalmalv-estvar.fr\/?page_id=100\">Lire la suite<span class=\"screen-reader-text\"> Lire la suite<\/span><\/a><\/p>\n","protected":false},"author":1,"featured_media":0,"parent":0,"menu_order":0,"comment_status":"closed","ping_status":"closed","template":"","meta":{"footnotes":""},"class_list":["post-100","page","type-page","status-publish","hentry"],"_links":{"self":[{"href":"http:\/\/jalmalv-estvar.fr\/index.php?rest_route=\/wp\/v2\/pages\/100","targetHints":{"allow":["GET"]}}],"collection":[{"href":"http:\/\/jalmalv-estvar.fr\/index.php?rest_route=\/wp\/v2\/pages"}],"about":[{"href":"http:\/\/jalmalv-estvar.fr\/index.php?rest_route=\/wp\/v2\/types\/page"}],"author":[{"embeddable":true,"href":"http:\/\/jalmalv-estvar.fr\/index.php?rest_route=\/wp\/v2\/users\/1"}],"replies":[{"embeddable":true,"href":"http:\/\/jalmalv-estvar.fr\/index.php?rest_route=%2Fwp%2Fv2%2Fcomments&post=100"}],"version-history":[{"count":1,"href":"http:\/\/jalmalv-estvar.fr\/index.php?rest_route=\/wp\/v2\/pages\/100\/revisions"}],"predecessor-version":[{"id":101,"href":"http:\/\/jalmalv-estvar.fr\/index.php?rest_route=\/wp\/v2\/pages\/100\/revisions\/101"}],"wp:attachment":[{"href":"http:\/\/jalmalv-estvar.fr\/index.php?rest_route=%2Fwp%2Fv2%2Fmedia&parent=100"}],"curies":[{"name":"wp","href":"https:\/\/api.w.org\/{rel}","templated":true}]}}