{"id":114,"date":"2025-08-30T21:10:16","date_gmt":"2025-08-30T19:10:16","guid":{"rendered":"https:\/\/guigotsu.com\/jalmavev3\/?page_id=114"},"modified":"2025-10-14T13:10:01","modified_gmt":"2025-10-14T11:10:01","slug":"temoignages","status":"publish","type":"page","link":"http:\/\/jalmalv-estvar.fr\/?page_id=114","title":{"rendered":"T\u00e9moignages"},"content":{"rendered":"\n<figure class=\"wp-block-embed is-type-video is-provider-youtube wp-block-embed-youtube wp-embed-aspect-16-9 wp-has-aspect-ratio\"><div class=\"wp-block-embed__wrapper\">\n<iframe title=\"JALMALV   T\u00e9moignage de Valentin b\u00e9n\u00e9vole d&#039;accompagnement.\" width=\"640\" height=\"360\" src=\"https:\/\/www.youtube.com\/embed\/rnEn-Yk1QjQ?feature=oembed\" frameborder=\"0\" allow=\"accelerometer; autoplay; clipboard-write; encrypted-media; gyroscope; picture-in-picture; web-share\" referrerpolicy=\"strict-origin-when-cross-origin\" allowfullscreen><\/iframe>\n<\/div><\/figure>\n\n\n\n<p><\/p>\n","protected":false},"excerpt":{"rendered":"","protected":false},"author":1,"featured_media":0,"parent":0,"menu_order":0,"comment_status":"closed","ping_status":"closed","template":"","meta":{"footnotes":""},"class_list":["post-114","page","type-page","status-publish","hentry"],"_links":{"self":[{"href":"http:\/\/jalmalv-estvar.fr\/index.php?rest_route=\/wp\/v2\/pages\/114","targetHints":{"allow":["GET"]}}],"collection":[{"href":"http:\/\/jalmalv-estvar.fr\/index.php?rest_route=\/wp\/v2\/pages"}],"about":[{"href":"http:\/\/jalmalv-estvar.fr\/index.php?rest_route=\/wp\/v2\/types\/page"}],"author":[{"embeddable":true,"href":"http:\/\/jalmalv-estvar.fr\/index.php?rest_route=\/wp\/v2\/users\/1"}],"replies":[{"embeddable":true,"href":"http:\/\/jalmalv-estvar.fr\/index.php?rest_route=%2Fwp%2Fv2%2Fcomments&post=114"}],"version-history":[{"count":2,"href":"http:\/\/jalmalv-estvar.fr\/index.php?rest_route=\/wp\/v2\/pages\/114\/revisions"}],"predecessor-version":[{"id":258,"href":"http:\/\/jalmalv-estvar.fr\/index.php?rest_route=\/wp\/v2\/pages\/114\/revisions\/258"}],"wp:attachment":[{"href":"http:\/\/jalmalv-estvar.fr\/index.php?rest_route=%2Fwp%2Fv2%2Fmedia&parent=114"}],"curies":[{"name":"wp","href":"https:\/\/api.w.org\/{rel}","templated":true}]}}