{"id":12,"date":"2025-08-30T19:13:05","date_gmt":"2025-08-30T17:13:05","guid":{"rendered":"https:\/\/guigotsu.com\/jalmavev3\/?page_id=12"},"modified":"2025-08-30T20:34:54","modified_gmt":"2025-08-30T18:34:54","slug":"qui-sommes-nous","status":"publish","type":"page","link":"http:\/\/jalmalv-estvar.fr\/?page_id=12","title":{"rendered":"Qui sommes-nous ?"},"content":{"rendered":"\n<p><strong>JALMALV EST-VAR&nbsp;(Association loi 1901), fut cr\u00e9\u00e9e en 1991.<\/strong><\/p>\n\n\n\n<p><strong>Elle est rattach\u00e9e \u00e0 la&nbsp;F\u00e9d\u00e9ration JALMALV&nbsp;reconnue d\u2019utilit\u00e9 publique en 1993.<\/strong><\/p>\n\n\n\n<p><strong>Pr\u00e9sidente&nbsp;:&nbsp;Danielle DEROUAL<\/strong><\/p>\n\n\n\n<p><strong>Vice-pr\u00e9sidentes : Chantal CUISENIER &amp; Denise PETIT<\/strong><\/p>\n\n\n\n<p><strong>L\u2019association&nbsp;JALMALV EST-VAR, est constitu\u00e9e en 2023 de 38 b\u00e9n\u00e9voles.<\/strong><\/p>\n\n\n\n<p><strong>Ces b\u00e9n\u00e9voles ont accompagn\u00e9 1091 personnes au cours de 3373 visites dans les \u00e9tablissements o\u00f9 une convention a \u00e9t\u00e9 sign\u00e9e sur :<\/strong><\/p>\n\n\n\n<ul class=\"wp-block-list\">\n<li><strong>Fr\u00e9jus-Saint-Rapha\u00ebl<\/strong><\/li>\n\n\n\n<li><strong>Golfe de Saint-Tropez<\/strong><\/li>\n\n\n\n<li><strong>Draguignan\u00a0<\/strong><\/li>\n\n\n\n<li><strong>Le Luc<\/strong><\/li>\n\n\n\n<li><strong>Callas<\/strong><\/li>\n\n\n\n<li><strong>Figani\u00e8res<\/strong><\/li>\n<\/ul>\n\n\n\n<p><\/p>\n","protected":false},"excerpt":{"rendered":"<p>JALMALV EST-VAR&nbsp;(Association loi 1901), fut cr\u00e9\u00e9e en 1991. Elle est rattach\u00e9e \u00e0 la&nbsp;F\u00e9d\u00e9ration JALMALV&nbsp;reconnue d\u2019utilit\u00e9 publique en 1993. Pr\u00e9sidente&nbsp;:&nbsp;Danielle DEROUAL Vice-pr\u00e9sidentes : Chantal CUISENIER &amp; Denise PETIT L\u2019association&nbsp;JALMALV EST-VAR, est constitu\u00e9e en 2023 de 38 b\u00e9n\u00e9voles. Ces b\u00e9n\u00e9voles ont accompagn\u00e9 1091 personnes au cours de 3373 visites dans les \u00e9tablissements o\u00f9 une convention a \u00e9t\u00e9 sign\u00e9e sur :<\/p>\n","protected":false},"author":1,"featured_media":0,"parent":0,"menu_order":0,"comment_status":"closed","ping_status":"closed","template":"","meta":{"footnotes":""},"class_list":["post-12","page","type-page","status-publish","hentry"],"_links":{"self":[{"href":"http:\/\/jalmalv-estvar.fr\/index.php?rest_route=\/wp\/v2\/pages\/12","targetHints":{"allow":["GET"]}}],"collection":[{"href":"http:\/\/jalmalv-estvar.fr\/index.php?rest_route=\/wp\/v2\/pages"}],"about":[{"href":"http:\/\/jalmalv-estvar.fr\/index.php?rest_route=\/wp\/v2\/types\/page"}],"author":[{"embeddable":true,"href":"http:\/\/jalmalv-estvar.fr\/index.php?rest_route=\/wp\/v2\/users\/1"}],"replies":[{"embeddable":true,"href":"http:\/\/jalmalv-estvar.fr\/index.php?rest_route=%2Fwp%2Fv2%2Fcomments&post=12"}],"version-history":[{"count":3,"href":"http:\/\/jalmalv-estvar.fr\/index.php?rest_route=\/wp\/v2\/pages\/12\/revisions"}],"predecessor-version":[{"id":93,"href":"http:\/\/jalmalv-estvar.fr\/index.php?rest_route=\/wp\/v2\/pages\/12\/revisions\/93"}],"wp:attachment":[{"href":"http:\/\/jalmalv-estvar.fr\/index.php?rest_route=%2Fwp%2Fv2%2Fmedia&parent=12"}],"curies":[{"name":"wp","href":"https:\/\/api.w.org\/{rel}","templated":true}]}}