{"id":20,"date":"2025-08-30T19:14:12","date_gmt":"2025-08-30T17:14:12","guid":{"rendered":"https:\/\/guigotsu.com\/jalmavev3\/?page_id=20"},"modified":"2025-09-25T19:45:19","modified_gmt":"2025-09-25T17:45:19","slug":"liens-utiles","status":"publish","type":"page","link":"http:\/\/jalmalv-estvar.fr\/?page_id=20","title":{"rendered":"Liens Utiles"},"content":{"rendered":"\n<p>Suivez nous sur Facebook :  <\/p>\n\n\n\n<figure class=\"wp-block-image size-large is-resized\"><a href=\"https:\/\/www.facebook.com\/jalmalvestvar\/?locale=fr_FR\"><img fetchpriority=\"high\" decoding=\"async\" width=\"1024\" height=\"1024\" src=\"https:\/\/guigotsu.com\/jalmavev3\/wp-content\/uploads\/2025\/09\/2021_Facebook_icon.svg_-1024x1024.png\" alt=\"\" class=\"wp-image-207\" style=\"width:39px;height:auto\" srcset=\"http:\/\/jalmalv-estvar.fr\/wp-content\/uploads\/2025\/09\/2021_Facebook_icon.svg_-1024x1024.png 1024w, http:\/\/jalmalv-estvar.fr\/wp-content\/uploads\/2025\/09\/2021_Facebook_icon.svg_-300x300.png 300w, http:\/\/jalmalv-estvar.fr\/wp-content\/uploads\/2025\/09\/2021_Facebook_icon.svg_-150x150.png 150w, http:\/\/jalmalv-estvar.fr\/wp-content\/uploads\/2025\/09\/2021_Facebook_icon.svg_-768x768.png 768w, http:\/\/jalmalv-estvar.fr\/wp-content\/uploads\/2025\/09\/2021_Facebook_icon.svg_-1536x1536.png 1536w, http:\/\/jalmalv-estvar.fr\/wp-content\/uploads\/2025\/09\/2021_Facebook_icon.svg_-270x270.png 270w, http:\/\/jalmalv-estvar.fr\/wp-content\/uploads\/2025\/09\/2021_Facebook_icon.svg_.png 2048w\" sizes=\"(max-width: 1024px) 100vw, 1024px\" \/><\/a><\/figure>\n\n\n\n<p class=\"has-text-align-right\">Pour nous contacter :<\/p>\n\n\n\n<div class=\"wp-block-columns is-layout-flex wp-container-core-columns-is-layout-9d6595d7 wp-block-columns-is-layout-flex\">\n<div class=\"wp-block-column is-layout-flow wp-block-column-is-layout-flow\">\n<figure class=\"wp-block-image size-full\"><img decoding=\"async\" width=\"505\" height=\"760\" src=\"https:\/\/guigotsu.com\/jalmavev3\/wp-content\/uploads\/2025\/08\/photo-straphael-1.jpg\" alt=\"\" class=\"wp-image-109\" srcset=\"http:\/\/jalmalv-estvar.fr\/wp-content\/uploads\/2025\/08\/photo-straphael-1.jpg 505w, http:\/\/jalmalv-estvar.fr\/wp-content\/uploads\/2025\/08\/photo-straphael-1-199x300.jpg 199w, http:\/\/jalmalv-estvar.fr\/wp-content\/uploads\/2025\/08\/photo-straphael-1-179x270.jpg 179w\" sizes=\"(max-width: 505px) 100vw, 505px\" \/><\/figure>\n<\/div>\n\n\n\n<div class=\"wp-block-column is-layout-flow wp-block-column-is-layout-flow\">\n<p class=\"has-text-align-right\"><br><br>29 Rue du Safrani\u00e9<\/p>\n\n\n\n<p class=\"has-text-align-right\">83700 SAINT-RAPHA\u00cbL<\/p>\n\n\n\n<p class=\"has-text-align-right\">T\u00e9l\u00e9phone&nbsp;: 04.94.19.25.83<\/p>\n\n\n\n<p class=\"has-text-align-right\">Mail&nbsp;:&nbsp;<a href=\"mailto:jalmalv83@orange.fr\">jalmalv83@orange.fr<\/a><\/p>\n\n\n\n<p class=\"has-text-align-right\">Permanence au bureau le mardi et mercredi apr\u00e8s-midi<\/p>\n\n\n\n<p class=\"has-text-align-right\">FACE au Centre Culturel de Saint Raphael<\/p>\n<\/div>\n<\/div>\n","protected":false},"excerpt":{"rendered":"<p>Suivez nous sur Facebook : Pour nous contacter : 29 Rue du Safrani\u00e9 83700 SAINT-RAPHA\u00cbL T\u00e9l\u00e9phone&nbsp;: 04.94.19.25.83 Mail&nbsp;:&nbsp;jalmalv83@orange.fr Permanence au bureau le mardi et mercredi apr\u00e8s-midi FACE au Centre Culturel de Saint Raphael<\/p>\n","protected":false},"author":1,"featured_media":0,"parent":0,"menu_order":0,"comment_status":"closed","ping_status":"closed","template":"","meta":{"footnotes":""},"class_list":["post-20","page","type-page","status-publish","hentry"],"_links":{"self":[{"href":"http:\/\/jalmalv-estvar.fr\/index.php?rest_route=\/wp\/v2\/pages\/20","targetHints":{"allow":["GET"]}}],"collection":[{"href":"http:\/\/jalmalv-estvar.fr\/index.php?rest_route=\/wp\/v2\/pages"}],"about":[{"href":"http:\/\/jalmalv-estvar.fr\/index.php?rest_route=\/wp\/v2\/types\/page"}],"author":[{"embeddable":true,"href":"http:\/\/jalmalv-estvar.fr\/index.php?rest_route=\/wp\/v2\/users\/1"}],"replies":[{"embeddable":true,"href":"http:\/\/jalmalv-estvar.fr\/index.php?rest_route=%2Fwp%2Fv2%2Fcomments&post=20"}],"version-history":[{"count":3,"href":"http:\/\/jalmalv-estvar.fr\/index.php?rest_route=\/wp\/v2\/pages\/20\/revisions"}],"predecessor-version":[{"id":221,"href":"http:\/\/jalmalv-estvar.fr\/index.php?rest_route=\/wp\/v2\/pages\/20\/revisions\/221"}],"wp:attachment":[{"href":"http:\/\/jalmalv-estvar.fr\/index.php?rest_route=%2Fwp%2Fv2%2Fmedia&parent=20"}],"curies":[{"name":"wp","href":"https:\/\/api.w.org\/{rel}","templated":true}]}}